{"id":818,"date":"2016-02-25T10:00:05","date_gmt":"2016-02-25T10:00:05","guid":{"rendered":"https:\/\/regaloperfecto.com\/co\/?product=arreglo-perfecto"},"modified":"2023-10-12T12:43:53","modified_gmt":"2023-10-12T17:43:53","slug":"arreglo-perfecto","status":"publish","type":"product","link":"https:\/\/regaloperfecto.com\/co\/arreglo-perfecto\/","title":{"rendered":"Arreglo perfecto"},"content":{"rendered":"<p>Elegante ramo floral con rosas rosadas, claveles p\u00farpura y verdes, cris\u00e1ntemos multicolor y bocas de drag\u00f3n. Excelente para motivos rom\u00e1nticos o simplemente para agradecer o mostrar aprecio. (La base es opcional).<\/p>\n","protected":false},"excerpt":{"rendered":"<p>Elegante ramo floral con rosas rosadas, claveles p\u00farpura y verdes, cris\u00e1ntemos multicolor y bocas de drag\u00f3n. Excelente para motivos rom\u00e1nticos o simplemente para agradecer o mostrar aprecio. (La base es opcional).<\/p>\n","protected":false},"featured_media":819,"template":"","meta":[],"product_brand":[],"product_cat":[783,771,784,772,817,821,834],"product_tag":[334,328,336,177,331,335,329,332,333,330],"class_list":{"0":"post-818","1":"product","2":"type-product","3":"status-publish","4":"has-post-thumbnail","6":"product_cat-agradecimiento","7":"product_cat-cumpleanos","8":"product_cat-dia-de-la-madre","9":"product_cat-felicitaciones","10":"product_cat-flores","11":"product_cat-pensandote","12":"product_cat-mejorate-pronto","13":"product_tag-adora","14":"product_tag-dia","15":"product_tag-fel","16":"product_tag-feliz","17":"product_tag-hija","18":"product_tag-ingrid","19":"product_tag-mami","20":"product_tag-que","21":"product_tag-te","22":"product_tag-tu","24":"first","25":"instock","26":"taxable","27":"shipping-taxable","28":"purchasable","29":"product-type-simple"},"_links":{"self":[{"href":"https:\/\/regaloperfecto.com\/co\/wp-json\/wp\/v2\/product\/818","targetHints":{"allow":["GET"]}}],"collection":[{"href":"https:\/\/regaloperfecto.com\/co\/wp-json\/wp\/v2\/product"}],"about":[{"href":"https:\/\/regaloperfecto.com\/co\/wp-json\/wp\/v2\/types\/product"}],"wp:featuredmedia":[{"embeddable":true,"href":"https:\/\/regaloperfecto.com\/co\/wp-json\/wp\/v2\/media\/819"}],"wp:attachment":[{"href":"https:\/\/regaloperfecto.com\/co\/wp-json\/wp\/v2\/media?parent=818"}],"wp:term":[{"taxonomy":"product_brand","embeddable":true,"href":"https:\/\/regaloperfecto.com\/co\/wp-json\/wp\/v2\/product_brand?post=818"},{"taxonomy":"product_cat","embeddable":true,"href":"https:\/\/regaloperfecto.com\/co\/wp-json\/wp\/v2\/product_cat?post=818"},{"taxonomy":"product_tag","embeddable":true,"href":"https:\/\/regaloperfecto.com\/co\/wp-json\/wp\/v2\/product_tag?post=818"}],"curies":[{"name":"wp","href":"https:\/\/api.w.org\/{rel}","templated":true}]}}